{"id":600,"date":"2022-02-10T15:10:24","date_gmt":"2022-02-10T15:10:24","guid":{"rendered":"https:\/\/lapiadina.cz\/?page_id=600"},"modified":"2023-06-27T19:10:19","modified_gmt":"2023-06-27T19:10:19","slug":"ingredience","status":"publish","type":"page","link":"https:\/\/lapiadina.cz\/en\/ingredience\/","title":{"rendered":"Ingredients"},"content":{"rendered":"<style type=\"text\/css\">.otter-masonry .blocks-gallery-grid .blocks-gallery-item img{ width:100% }<\/style><div class=\"otter-masonry\" data-margin=\"10\"><figure class=\"wp-block-gallery has-nested-images columns-default is-cropped wp-block-gallery-1 is-layout-flex wp-block-gallery-is-layout-flex\"><figure class=\"wp-block-image size-large\"><img loading=\"lazy\" decoding=\"async\" width=\"1200\" height=\"675\" data-id=\"679\" src=\"https:\/\/lapiadina.cz\/wp-content\/uploads\/2022\/02\/pizza-pieces-dough-1.jpg\" alt=\"\" class=\"wp-image-679\" srcset=\"https:\/\/lapiadina.cz\/wp-content\/uploads\/2022\/02\/pizza-pieces-dough-1.jpg 1200w, https:\/\/lapiadina.cz\/wp-content\/uploads\/2022\/02\/pizza-pieces-dough-1-300x169.jpg 300w, https:\/\/lapiadina.cz\/wp-content\/uploads\/2022\/02\/pizza-pieces-dough-1-1024x576.jpg 1024w, https:\/\/lapiadina.cz\/wp-content\/uploads\/2022\/02\/pizza-pieces-dough-1-768x432.jpg 768w, https:\/\/lapiadina.cz\/wp-content\/uploads\/2022\/02\/pizza-pieces-dough-1-600x338.jpg 600w\" sizes=\"auto, (max-width: 1200px) 100vw, 1200px\" \/><figcaption class=\"wp-element-caption\"><strong>Klasick\u00e9 t\u011bsto<\/strong><\/figcaption><\/figure>\n\n<figure class=\"wp-block-image size-large\"><img loading=\"lazy\" decoding=\"async\" width=\"1200\" height=\"674\" data-id=\"686\" src=\"https:\/\/lapiadina.cz\/wp-content\/uploads\/2022\/02\/overhead-shot-different-fresh-vegetables-put-together-black-background-edited.jpg\" alt=\"\" class=\"wp-image-686\" srcset=\"https:\/\/lapiadina.cz\/wp-content\/uploads\/2022\/02\/overhead-shot-different-fresh-vegetables-put-together-black-background-edited.jpg 1200w, https:\/\/lapiadina.cz\/wp-content\/uploads\/2022\/02\/overhead-shot-different-fresh-vegetables-put-together-black-background-edited-300x169.jpg 300w, https:\/\/lapiadina.cz\/wp-content\/uploads\/2022\/02\/overhead-shot-different-fresh-vegetables-put-together-black-background-edited-1024x575.jpg 1024w, https:\/\/lapiadina.cz\/wp-content\/uploads\/2022\/02\/overhead-shot-different-fresh-vegetables-put-together-black-background-edited-768x431.jpg 768w, https:\/\/lapiadina.cz\/wp-content\/uploads\/2022\/02\/overhead-shot-different-fresh-vegetables-put-together-black-background-edited-600x337.jpg 600w\" sizes=\"auto, (max-width: 1200px) 100vw, 1200px\" \/><figcaption class=\"wp-element-caption\"><strong>\u010cerstv\u00e1 zelenina<\/strong><\/figcaption><\/figure>\n\n<figure class=\"wp-block-image size-large\"><img loading=\"lazy\" decoding=\"async\" width=\"1200\" height=\"676\" data-id=\"685\" src=\"https:\/\/lapiadina.cz\/wp-content\/uploads\/2022\/02\/homemade-ketchup-mustard-mayonnaise-sauce-ingredients-dark-top-view-edited.jpg\" alt=\"\" class=\"wp-image-685\" srcset=\"https:\/\/lapiadina.cz\/wp-content\/uploads\/2022\/02\/homemade-ketchup-mustard-mayonnaise-sauce-ingredients-dark-top-view-edited.jpg 1200w, https:\/\/lapiadina.cz\/wp-content\/uploads\/2022\/02\/homemade-ketchup-mustard-mayonnaise-sauce-ingredients-dark-top-view-edited-300x169.jpg 300w, https:\/\/lapiadina.cz\/wp-content\/uploads\/2022\/02\/homemade-ketchup-mustard-mayonnaise-sauce-ingredients-dark-top-view-edited-1024x577.jpg 1024w, https:\/\/lapiadina.cz\/wp-content\/uploads\/2022\/02\/homemade-ketchup-mustard-mayonnaise-sauce-ingredients-dark-top-view-edited-768x433.jpg 768w, https:\/\/lapiadina.cz\/wp-content\/uploads\/2022\/02\/homemade-ketchup-mustard-mayonnaise-sauce-ingredients-dark-top-view-edited-600x338.jpg 600w\" sizes=\"auto, (max-width: 1200px) 100vw, 1200px\" \/><figcaption class=\"wp-element-caption\"><strong>Speci\u00e1ln\u00ed om\u00e1\u010dky<\/strong><\/figcaption><\/figure>\n\n<figure class=\"wp-block-image size-large\"><img loading=\"lazy\" decoding=\"async\" width=\"1200\" height=\"676\" data-id=\"688\" src=\"https:\/\/lapiadina.cz\/wp-content\/uploads\/2022\/02\/delicious-pieces-cheese-edited.jpg\" alt=\"\" class=\"wp-image-688\" srcset=\"https:\/\/lapiadina.cz\/wp-content\/uploads\/2022\/02\/delicious-pieces-cheese-edited.jpg 1200w, https:\/\/lapiadina.cz\/wp-content\/uploads\/2022\/02\/delicious-pieces-cheese-edited-300x169.jpg 300w, https:\/\/lapiadina.cz\/wp-content\/uploads\/2022\/02\/delicious-pieces-cheese-edited-1024x577.jpg 1024w, https:\/\/lapiadina.cz\/wp-content\/uploads\/2022\/02\/delicious-pieces-cheese-edited-768x433.jpg 768w, https:\/\/lapiadina.cz\/wp-content\/uploads\/2022\/02\/delicious-pieces-cheese-edited-600x338.jpg 600w\" sizes=\"auto, (max-width: 1200px) 100vw, 1200px\" \/><figcaption class=\"wp-element-caption\"><strong>Vybran\u00e9 s\u00fdry<\/strong><\/figcaption><\/figure>\n\n<figure class=\"wp-block-image size-large\"><img loading=\"lazy\" decoding=\"async\" width=\"1024\" height=\"577\" data-id=\"932\" src=\"https:\/\/lapiadina.cz\/wp-content\/uploads\/2022\/04\/salame-1024x577.jpg\" alt=\"\" class=\"wp-image-932\" srcset=\"https:\/\/lapiadina.cz\/wp-content\/uploads\/2022\/04\/salame-1024x577.jpg 1024w, https:\/\/lapiadina.cz\/wp-content\/uploads\/2022\/04\/salame-300x169.jpg 300w, https:\/\/lapiadina.cz\/wp-content\/uploads\/2022\/04\/salame-768x433.jpg 768w, https:\/\/lapiadina.cz\/wp-content\/uploads\/2022\/04\/salame-600x338.jpg 600w, https:\/\/lapiadina.cz\/wp-content\/uploads\/2022\/04\/salame.jpg 1200w\" sizes=\"auto, (max-width: 1024px) 100vw, 1024px\" \/><figcaption class=\"wp-element-caption\"><strong>Italsk\u00e9 sal\u00e1my<\/strong><\/figcaption><\/figure><\/figure><\/div>","protected":false},"excerpt":{"rendered":"","protected":false},"author":3,"featured_media":731,"parent":0,"menu_order":0,"comment_status":"closed","ping_status":"closed","template":"","meta":{"neve_meta_sidebar":"full-width","neve_meta_container":"","neve_meta_enable_content_width":"on","neve_meta_content_width":100,"neve_meta_title_alignment":"","neve_meta_author_avatar":"","neve_post_elements_order":"","neve_meta_disable_header":"","neve_meta_disable_footer":"","neve_meta_disable_title":"","_themeisle_gutenberg_block_has_review":false,"footnotes":""},"class_list":["post-600","page","type-page","status-publish","has-post-thumbnail","hentry"],"amp_enabled":true,"_links":{"self":[{"href":"https:\/\/lapiadina.cz\/en\/wp-json\/wp\/v2\/pages\/600","targetHints":{"allow":["GET"]}}],"collection":[{"href":"https:\/\/lapiadina.cz\/en\/wp-json\/wp\/v2\/pages"}],"about":[{"href":"https:\/\/lapiadina.cz\/en\/wp-json\/wp\/v2\/types\/page"}],"author":[{"embeddable":true,"href":"https:\/\/lapiadina.cz\/en\/wp-json\/wp\/v2\/users\/3"}],"replies":[{"embeddable":true,"href":"https:\/\/lapiadina.cz\/en\/wp-json\/wp\/v2\/comments?post=600"}],"version-history":[{"count":12,"href":"https:\/\/lapiadina.cz\/en\/wp-json\/wp\/v2\/pages\/600\/revisions"}],"predecessor-version":[{"id":1790,"href":"https:\/\/lapiadina.cz\/en\/wp-json\/wp\/v2\/pages\/600\/revisions\/1790"}],"wp:featuredmedia":[{"embeddable":true,"href":"https:\/\/lapiadina.cz\/en\/wp-json\/wp\/v2\/media\/731"}],"wp:attachment":[{"href":"https:\/\/lapiadina.cz\/en\/wp-json\/wp\/v2\/media?parent=600"}],"curies":[{"name":"wp","href":"https:\/\/api.w.org\/{rel}","templated":true}]}}