{"id":426,"date":"2021-04-21T06:19:15","date_gmt":"2021-04-21T06:19:15","guid":{"rendered":"http:\/\/lapiadina.cz\/?page_id=426"},"modified":"2023-06-27T19:09:14","modified_gmt":"2023-06-27T19:09:14","slug":"galerie","status":"publish","type":"page","link":"https:\/\/lapiadina.cz\/en\/galerie\/","title":{"rendered":"Offer"},"content":{"rendered":"<div class=\"wp-block-cover alignfull\" style=\"min-height:200px;aspect-ratio:unset;\"><span aria-hidden=\"true\" class=\"wp-block-cover__background has-background-dim-100 has-background-dim\" style=\"background-color:#7e1c1c\"><\/span><div class=\"wp-block-cover__inner-container is-layout-flow wp-block-cover-is-layout-flow\"><div style=\"height:80px\" aria-hidden=\"true\" class=\"wp-block-spacer\"><\/div>\n\n<h1 class=\"wp-block-heading has-text-align-center has-nv-text-dark-bg-color has-text-color\" id=\"nabidka-nasich-jidel\">Na\u0161e nab\u00eddka<\/h1>\n\n<p class=\"has-text-align-center\"><\/p>\n\n<br><br>\n\n<hr class=\"wp-block-separator has-alpha-channel-opacity is-style-wide\"\/>\n\n<br><br>\n\n<h2 class=\"wp-block-heading has-text-align-center\"><\/h2>\n\n<div class=\"wp-block-columns is-layout-flex wp-container-core-columns-is-layout-9d6595d7 wp-block-columns-is-layout-flex\"><div class=\"wp-block-column is-layout-flow wp-block-column-is-layout-flow\"><\/div>\n\n<div class=\"wp-block-column is-layout-flow wp-block-column-is-layout-flow\"><\/div><\/div><\/div><\/div><div style=\"height:35px\" aria-hidden=\"true\" class=\"wp-block-spacer\"><\/div><figure class=\"wp-block-gallery has-nested-images columns-default is-cropped wp-block-gallery-1 is-layout-flex wp-block-gallery-is-layout-flex\"><figure class=\"wp-block-image size-large\"><a href=\"https:\/\/lapiadina.cz\/wp-content\/uploads\/2022\/10\/affettati-e-formaggi-misti-3.jpg\"><img loading=\"lazy\" decoding=\"async\" width=\"1024\" height=\"576\" data-id=\"1590\" src=\"https:\/\/lapiadina.cz\/wp-content\/uploads\/2022\/10\/affettati-e-formaggi-misti-3-1024x576.jpg\" alt=\"\" class=\"wp-image-1590\" srcset=\"https:\/\/lapiadina.cz\/wp-content\/uploads\/2022\/10\/affettati-e-formaggi-misti-3-1024x576.jpg 1024w, https:\/\/lapiadina.cz\/wp-content\/uploads\/2022\/10\/affettati-e-formaggi-misti-3-300x169.jpg 300w, https:\/\/lapiadina.cz\/wp-content\/uploads\/2022\/10\/affettati-e-formaggi-misti-3-768x432.jpg 768w, https:\/\/lapiadina.cz\/wp-content\/uploads\/2022\/10\/affettati-e-formaggi-misti-3-1536x864.jpg 1536w, https:\/\/lapiadina.cz\/wp-content\/uploads\/2022\/10\/affettati-e-formaggi-misti-3-600x338.jpg 600w, https:\/\/lapiadina.cz\/wp-content\/uploads\/2022\/10\/affettati-e-formaggi-misti-3.jpg 1920w\" sizes=\"auto, (max-width: 1024px) 100vw, 1024px\" \/><\/a><\/figure>\n\n<figure class=\"wp-block-image size-large\"><a href=\"https:\/\/lapiadina.cz\/wp-content\/uploads\/2022\/10\/caesar-3.jpg\"><img loading=\"lazy\" decoding=\"async\" width=\"1024\" height=\"576\" data-id=\"1591\" src=\"https:\/\/lapiadina.cz\/wp-content\/uploads\/2022\/10\/caesar-3-1024x576.jpg\" alt=\"\" class=\"wp-image-1591\" srcset=\"https:\/\/lapiadina.cz\/wp-content\/uploads\/2022\/10\/caesar-3-1024x576.jpg 1024w, https:\/\/lapiadina.cz\/wp-content\/uploads\/2022\/10\/caesar-3-300x169.jpg 300w, https:\/\/lapiadina.cz\/wp-content\/uploads\/2022\/10\/caesar-3-768x432.jpg 768w, https:\/\/lapiadina.cz\/wp-content\/uploads\/2022\/10\/caesar-3-1536x864.jpg 1536w, https:\/\/lapiadina.cz\/wp-content\/uploads\/2022\/10\/caesar-3-600x338.jpg 600w, https:\/\/lapiadina.cz\/wp-content\/uploads\/2022\/10\/caesar-3.jpg 1920w\" sizes=\"auto, (max-width: 1024px) 100vw, 1024px\" \/><\/a><\/figure>\n\n<figure class=\"wp-block-image size-large\"><a href=\"https:\/\/lapiadina.cz\/wp-content\/uploads\/2022\/10\/Caesar-salat-1.jpg\"><img loading=\"lazy\" decoding=\"async\" width=\"1024\" height=\"576\" data-id=\"1592\" src=\"https:\/\/lapiadina.cz\/wp-content\/uploads\/2022\/10\/Caesar-salat-1-1024x576.jpg\" alt=\"\" class=\"wp-image-1592\" srcset=\"https:\/\/lapiadina.cz\/wp-content\/uploads\/2022\/10\/Caesar-salat-1-1024x576.jpg 1024w, https:\/\/lapiadina.cz\/wp-content\/uploads\/2022\/10\/Caesar-salat-1-300x169.jpg 300w, https:\/\/lapiadina.cz\/wp-content\/uploads\/2022\/10\/Caesar-salat-1-768x432.jpg 768w, https:\/\/lapiadina.cz\/wp-content\/uploads\/2022\/10\/Caesar-salat-1-1536x864.jpg 1536w, https:\/\/lapiadina.cz\/wp-content\/uploads\/2022\/10\/Caesar-salat-1-600x338.jpg 600w, https:\/\/lapiadina.cz\/wp-content\/uploads\/2022\/10\/Caesar-salat-1.jpg 1920w\" sizes=\"auto, (max-width: 1024px) 100vw, 1024px\" \/><\/a><\/figure>\n\n<figure class=\"wp-block-image size-large\"><a href=\"https:\/\/lapiadina.cz\/wp-content\/uploads\/2022\/10\/caprese-1.jpg\"><img loading=\"lazy\" decoding=\"async\" width=\"1024\" height=\"576\" data-id=\"1593\" src=\"https:\/\/lapiadina.cz\/wp-content\/uploads\/2022\/10\/caprese-1-1024x576.jpg\" alt=\"\" class=\"wp-image-1593\" srcset=\"https:\/\/lapiadina.cz\/wp-content\/uploads\/2022\/10\/caprese-1-1024x576.jpg 1024w, https:\/\/lapiadina.cz\/wp-content\/uploads\/2022\/10\/caprese-1-300x169.jpg 300w, https:\/\/lapiadina.cz\/wp-content\/uploads\/2022\/10\/caprese-1-768x432.jpg 768w, https:\/\/lapiadina.cz\/wp-content\/uploads\/2022\/10\/caprese-1-1536x864.jpg 1536w, https:\/\/lapiadina.cz\/wp-content\/uploads\/2022\/10\/caprese-1-600x338.jpg 600w, https:\/\/lapiadina.cz\/wp-content\/uploads\/2022\/10\/caprese-1.jpg 1920w\" sizes=\"auto, (max-width: 1024px) 100vw, 1024px\" \/><\/a><\/figure>\n\n<figure class=\"wp-block-image size-large\"><a href=\"https:\/\/lapiadina.cz\/wp-content\/uploads\/2022\/10\/carne.jpg\"><img loading=\"lazy\" decoding=\"async\" width=\"1024\" height=\"576\" data-id=\"1577\" src=\"https:\/\/lapiadina.cz\/wp-content\/uploads\/2022\/10\/carne-1024x576.jpg\" alt=\"\" class=\"wp-image-1577\" srcset=\"https:\/\/lapiadina.cz\/wp-content\/uploads\/2022\/10\/carne-1024x576.jpg 1024w, https:\/\/lapiadina.cz\/wp-content\/uploads\/2022\/10\/carne-300x169.jpg 300w, https:\/\/lapiadina.cz\/wp-content\/uploads\/2022\/10\/carne-768x432.jpg 768w, https:\/\/lapiadina.cz\/wp-content\/uploads\/2022\/10\/carne-1536x864.jpg 1536w, https:\/\/lapiadina.cz\/wp-content\/uploads\/2022\/10\/carne-600x338.jpg 600w, https:\/\/lapiadina.cz\/wp-content\/uploads\/2022\/10\/carne.jpg 1920w\" sizes=\"auto, (max-width: 1024px) 100vw, 1024px\" \/><\/a><\/figure>\n\n<figure class=\"wp-block-image size-large\"><a href=\"https:\/\/lapiadina.cz\/wp-content\/uploads\/2022\/10\/nutella.jpg\"><img loading=\"lazy\" decoding=\"async\" width=\"1024\" height=\"576\" data-id=\"1578\" src=\"https:\/\/lapiadina.cz\/wp-content\/uploads\/2022\/10\/nutella-1024x576.jpg\" alt=\"\" class=\"wp-image-1578\" srcset=\"https:\/\/lapiadina.cz\/wp-content\/uploads\/2022\/10\/nutella-1024x576.jpg 1024w, https:\/\/lapiadina.cz\/wp-content\/uploads\/2022\/10\/nutella-300x169.jpg 300w, https:\/\/lapiadina.cz\/wp-content\/uploads\/2022\/10\/nutella-768x432.jpg 768w, https:\/\/lapiadina.cz\/wp-content\/uploads\/2022\/10\/nutella-1536x864.jpg 1536w, https:\/\/lapiadina.cz\/wp-content\/uploads\/2022\/10\/nutella-600x338.jpg 600w, https:\/\/lapiadina.cz\/wp-content\/uploads\/2022\/10\/nutella.jpg 1920w\" sizes=\"auto, (max-width: 1024px) 100vw, 1024px\" \/><\/a><\/figure>\n\n<figure class=\"wp-block-image size-large\"><a href=\"https:\/\/lapiadina.cz\/wp-content\/uploads\/2022\/10\/italiano-salat.jpg\"><img loading=\"lazy\" decoding=\"async\" width=\"1024\" height=\"576\" data-id=\"1594\" src=\"https:\/\/lapiadina.cz\/wp-content\/uploads\/2022\/10\/italiano-salat-1024x576.jpg\" alt=\"\" class=\"wp-image-1594\" srcset=\"https:\/\/lapiadina.cz\/wp-content\/uploads\/2022\/10\/italiano-salat-1024x576.jpg 1024w, https:\/\/lapiadina.cz\/wp-content\/uploads\/2022\/10\/italiano-salat-300x169.jpg 300w, https:\/\/lapiadina.cz\/wp-content\/uploads\/2022\/10\/italiano-salat-768x432.jpg 768w, https:\/\/lapiadina.cz\/wp-content\/uploads\/2022\/10\/italiano-salat-1536x864.jpg 1536w, https:\/\/lapiadina.cz\/wp-content\/uploads\/2022\/10\/italiano-salat-600x338.jpg 600w, https:\/\/lapiadina.cz\/wp-content\/uploads\/2022\/10\/italiano-salat.jpg 1920w\" sizes=\"auto, (max-width: 1024px) 100vw, 1024px\" \/><\/a><\/figure>\n\n<figure class=\"wp-block-image size-large\"><a href=\"https:\/\/lapiadina.cz\/wp-content\/uploads\/2022\/10\/piccante.jpg\"><img loading=\"lazy\" decoding=\"async\" width=\"1024\" height=\"576\" data-id=\"1579\" src=\"https:\/\/lapiadina.cz\/wp-content\/uploads\/2022\/10\/piccante-1024x576.jpg\" alt=\"\" class=\"wp-image-1579\" srcset=\"https:\/\/lapiadina.cz\/wp-content\/uploads\/2022\/10\/piccante-1024x576.jpg 1024w, https:\/\/lapiadina.cz\/wp-content\/uploads\/2022\/10\/piccante-300x169.jpg 300w, https:\/\/lapiadina.cz\/wp-content\/uploads\/2022\/10\/piccante-768x432.jpg 768w, https:\/\/lapiadina.cz\/wp-content\/uploads\/2022\/10\/piccante-1536x864.jpg 1536w, https:\/\/lapiadina.cz\/wp-content\/uploads\/2022\/10\/piccante-600x338.jpg 600w, https:\/\/lapiadina.cz\/wp-content\/uploads\/2022\/10\/piccante.jpg 1920w\" sizes=\"auto, (max-width: 1024px) 100vw, 1024px\" \/><\/a><\/figure>\n\n<figure class=\"wp-block-image size-large\"><a href=\"https:\/\/lapiadina.cz\/wp-content\/uploads\/2022\/10\/prosciutto-cotto-e-formaggi-1.jpg\"><img loading=\"lazy\" decoding=\"async\" width=\"1024\" height=\"576\" data-id=\"1595\" src=\"https:\/\/lapiadina.cz\/wp-content\/uploads\/2022\/10\/prosciutto-cotto-e-formaggi-1-1024x576.jpg\" alt=\"\" class=\"wp-image-1595\" srcset=\"https:\/\/lapiadina.cz\/wp-content\/uploads\/2022\/10\/prosciutto-cotto-e-formaggi-1-1024x576.jpg 1024w, https:\/\/lapiadina.cz\/wp-content\/uploads\/2022\/10\/prosciutto-cotto-e-formaggi-1-300x169.jpg 300w, https:\/\/lapiadina.cz\/wp-content\/uploads\/2022\/10\/prosciutto-cotto-e-formaggi-1-768x432.jpg 768w, https:\/\/lapiadina.cz\/wp-content\/uploads\/2022\/10\/prosciutto-cotto-e-formaggi-1-1536x864.jpg 1536w, https:\/\/lapiadina.cz\/wp-content\/uploads\/2022\/10\/prosciutto-cotto-e-formaggi-1-600x338.jpg 600w, https:\/\/lapiadina.cz\/wp-content\/uploads\/2022\/10\/prosciutto-cotto-e-formaggi-1.jpg 1920w\" sizes=\"auto, (max-width: 1024px) 100vw, 1024px\" \/><\/a><\/figure>\n\n<figure class=\"wp-block-image size-large\"><a href=\"https:\/\/lapiadina.cz\/wp-content\/uploads\/2022\/10\/prosciutto-cotto-e-mozzarel-1.jpg\"><img loading=\"lazy\" decoding=\"async\" width=\"1024\" height=\"576\" data-id=\"1596\" src=\"https:\/\/lapiadina.cz\/wp-content\/uploads\/2022\/10\/prosciutto-cotto-e-mozzarel-1-1024x576.jpg\" alt=\"\" class=\"wp-image-1596\" srcset=\"https:\/\/lapiadina.cz\/wp-content\/uploads\/2022\/10\/prosciutto-cotto-e-mozzarel-1-1024x576.jpg 1024w, https:\/\/lapiadina.cz\/wp-content\/uploads\/2022\/10\/prosciutto-cotto-e-mozzarel-1-300x169.jpg 300w, https:\/\/lapiadina.cz\/wp-content\/uploads\/2022\/10\/prosciutto-cotto-e-mozzarel-1-768x432.jpg 768w, https:\/\/lapiadina.cz\/wp-content\/uploads\/2022\/10\/prosciutto-cotto-e-mozzarel-1-1536x864.jpg 1536w, https:\/\/lapiadina.cz\/wp-content\/uploads\/2022\/10\/prosciutto-cotto-e-mozzarel-1-600x338.jpg 600w, https:\/\/lapiadina.cz\/wp-content\/uploads\/2022\/10\/prosciutto-cotto-e-mozzarel-1.jpg 1920w\" sizes=\"auto, (max-width: 1024px) 100vw, 1024px\" \/><\/a><\/figure>\n\n<figure class=\"wp-block-image size-large\"><a href=\"https:\/\/lapiadina.cz\/wp-content\/uploads\/2022\/10\/prosciutto-crudo-e-mozzarel-1.jpg\"><img loading=\"lazy\" decoding=\"async\" width=\"1024\" height=\"576\" data-id=\"1597\" src=\"https:\/\/lapiadina.cz\/wp-content\/uploads\/2022\/10\/prosciutto-crudo-e-mozzarel-1-1024x576.jpg\" alt=\"\" class=\"wp-image-1597\" srcset=\"https:\/\/lapiadina.cz\/wp-content\/uploads\/2022\/10\/prosciutto-crudo-e-mozzarel-1-1024x576.jpg 1024w, https:\/\/lapiadina.cz\/wp-content\/uploads\/2022\/10\/prosciutto-crudo-e-mozzarel-1-300x169.jpg 300w, https:\/\/lapiadina.cz\/wp-content\/uploads\/2022\/10\/prosciutto-crudo-e-mozzarel-1-768x432.jpg 768w, https:\/\/lapiadina.cz\/wp-content\/uploads\/2022\/10\/prosciutto-crudo-e-mozzarel-1-1536x864.jpg 1536w, https:\/\/lapiadina.cz\/wp-content\/uploads\/2022\/10\/prosciutto-crudo-e-mozzarel-1-600x338.jpg 600w, https:\/\/lapiadina.cz\/wp-content\/uploads\/2022\/10\/prosciutto-crudo-e-mozzarel-1.jpg 1920w\" sizes=\"auto, (max-width: 1024px) 100vw, 1024px\" \/><\/a><\/figure>\n\n<figure class=\"wp-block-image size-large\"><a href=\"https:\/\/lapiadina.cz\/wp-content\/uploads\/2022\/10\/prosciutto-crudo-e-rucola-1.jpg\"><img loading=\"lazy\" decoding=\"async\" width=\"1024\" height=\"576\" data-id=\"1598\" src=\"https:\/\/lapiadina.cz\/wp-content\/uploads\/2022\/10\/prosciutto-crudo-e-rucola-1-1024x576.jpg\" alt=\"\" class=\"wp-image-1598\" srcset=\"https:\/\/lapiadina.cz\/wp-content\/uploads\/2022\/10\/prosciutto-crudo-e-rucola-1-1024x576.jpg 1024w, https:\/\/lapiadina.cz\/wp-content\/uploads\/2022\/10\/prosciutto-crudo-e-rucola-1-300x169.jpg 300w, https:\/\/lapiadina.cz\/wp-content\/uploads\/2022\/10\/prosciutto-crudo-e-rucola-1-768x432.jpg 768w, https:\/\/lapiadina.cz\/wp-content\/uploads\/2022\/10\/prosciutto-crudo-e-rucola-1-1536x864.jpg 1536w, https:\/\/lapiadina.cz\/wp-content\/uploads\/2022\/10\/prosciutto-crudo-e-rucola-1-600x338.jpg 600w, https:\/\/lapiadina.cz\/wp-content\/uploads\/2022\/10\/prosciutto-crudo-e-rucola-1.jpg 1920w\" sizes=\"auto, (max-width: 1024px) 100vw, 1024px\" \/><\/a><\/figure>\n\n<figure class=\"wp-block-image size-large\"><a href=\"https:\/\/lapiadina.cz\/wp-content\/uploads\/2022\/10\/prosciutto-mozzarella.jpg\"><img loading=\"lazy\" decoding=\"async\" width=\"1024\" height=\"576\" data-id=\"1599\" src=\"https:\/\/lapiadina.cz\/wp-content\/uploads\/2022\/10\/prosciutto-mozzarella-1024x576.jpg\" alt=\"\" class=\"wp-image-1599\" srcset=\"https:\/\/lapiadina.cz\/wp-content\/uploads\/2022\/10\/prosciutto-mozzarella-1024x576.jpg 1024w, https:\/\/lapiadina.cz\/wp-content\/uploads\/2022\/10\/prosciutto-mozzarella-300x169.jpg 300w, https:\/\/lapiadina.cz\/wp-content\/uploads\/2022\/10\/prosciutto-mozzarella-768x432.jpg 768w, https:\/\/lapiadina.cz\/wp-content\/uploads\/2022\/10\/prosciutto-mozzarella-1536x864.jpg 1536w, https:\/\/lapiadina.cz\/wp-content\/uploads\/2022\/10\/prosciutto-mozzarella-600x338.jpg 600w, https:\/\/lapiadina.cz\/wp-content\/uploads\/2022\/10\/prosciutto-mozzarella.jpg 1920w\" sizes=\"auto, (max-width: 1024px) 100vw, 1024px\" \/><\/a><\/figure>\n\n<figure class=\"wp-block-image size-large\"><a href=\"https:\/\/lapiadina.cz\/wp-content\/uploads\/2022\/10\/salmone-salat.jpg\"><img loading=\"lazy\" decoding=\"async\" width=\"1024\" height=\"576\" data-id=\"1601\" src=\"https:\/\/lapiadina.cz\/wp-content\/uploads\/2022\/10\/salmone-salat-1024x576.jpg\" alt=\"\" class=\"wp-image-1601\" srcset=\"https:\/\/lapiadina.cz\/wp-content\/uploads\/2022\/10\/salmone-salat-1024x576.jpg 1024w, https:\/\/lapiadina.cz\/wp-content\/uploads\/2022\/10\/salmone-salat-300x169.jpg 300w, https:\/\/lapiadina.cz\/wp-content\/uploads\/2022\/10\/salmone-salat-768x432.jpg 768w, https:\/\/lapiadina.cz\/wp-content\/uploads\/2022\/10\/salmone-salat-1536x864.jpg 1536w, https:\/\/lapiadina.cz\/wp-content\/uploads\/2022\/10\/salmone-salat-600x338.jpg 600w, https:\/\/lapiadina.cz\/wp-content\/uploads\/2022\/10\/salmone-salat.jpg 1920w\" sizes=\"auto, (max-width: 1024px) 100vw, 1024px\" \/><\/a><\/figure><\/figure><div class=\"wp-block-image\"><figure class=\"aligncenter size-full\"><img loading=\"lazy\" decoding=\"async\" width=\"380\" height=\"567\" src=\"https:\/\/lapiadina.cz\/wp-content\/uploads\/2022\/06\/birra-moretti.jpg\" alt=\"\" class=\"wp-image-1212\" srcset=\"https:\/\/lapiadina.cz\/wp-content\/uploads\/2022\/06\/birra-moretti.jpg 380w, https:\/\/lapiadina.cz\/wp-content\/uploads\/2022\/06\/birra-moretti-201x300.jpg 201w\" sizes=\"auto, (max-width: 380px) 100vw, 380px\" \/><figcaption class=\"wp-element-caption\">\u010cepujeme prav\u00e9 italsk\u00e9 pivo <a href=\"https:\/\/lapiadina.cz\/wp-content\/uploads\/2022\/06\/birra-moretti.pdf\">BIRRA MORETTI<\/a>!<\/figcaption><\/figure><\/div><div style=\"height:18px\" aria-hidden=\"true\" class=\"wp-block-spacer\"><\/div><div class=\"wp-block-cover alignfull\" style=\"min-height:200px;aspect-ratio:unset;\"><span aria-hidden=\"true\" class=\"wp-block-cover__background has-nv-light-bg-background-color has-background-dim-100 has-background-dim\"><\/span><div class=\"wp-block-cover__inner-container is-layout-flow wp-block-cover-is-layout-flow\"><div style=\"height:50px\" aria-hidden=\"true\" class=\"wp-block-spacer\"><\/div><\/div><\/div><p><\/p>","protected":false},"excerpt":{"rendered":"","protected":false},"author":1,"featured_media":0,"parent":0,"menu_order":0,"comment_status":"closed","ping_status":"closed","template":"","meta":{"neve_meta_sidebar":"full-width","neve_meta_container":"","neve_meta_enable_content_width":"on","neve_meta_content_width":100,"neve_meta_title_alignment":"","neve_meta_author_avatar":"","neve_post_elements_order":"","neve_meta_disable_header":"off","neve_meta_disable_footer":"","neve_meta_disable_title":"on","_themeisle_gutenberg_block_has_review":false,"footnotes":""},"class_list":["post-426","page","type-page","status-publish","hentry"],"amp_enabled":true,"_links":{"self":[{"href":"https:\/\/lapiadina.cz\/en\/wp-json\/wp\/v2\/pages\/426","targetHints":{"allow":["GET"]}}],"collection":[{"href":"https:\/\/lapiadina.cz\/en\/wp-json\/wp\/v2\/pages"}],"about":[{"href":"https:\/\/lapiadina.cz\/en\/wp-json\/wp\/v2\/types\/page"}],"author":[{"embeddable":true,"href":"https:\/\/lapiadina.cz\/en\/wp-json\/wp\/v2\/users\/1"}],"replies":[{"embeddable":true,"href":"https:\/\/lapiadina.cz\/en\/wp-json\/wp\/v2\/comments?post=426"}],"version-history":[{"count":37,"href":"https:\/\/lapiadina.cz\/en\/wp-json\/wp\/v2\/pages\/426\/revisions"}],"predecessor-version":[{"id":1789,"href":"https:\/\/lapiadina.cz\/en\/wp-json\/wp\/v2\/pages\/426\/revisions\/1789"}],"wp:attachment":[{"href":"https:\/\/lapiadina.cz\/en\/wp-json\/wp\/v2\/media?parent=426"}],"curies":[{"name":"wp","href":"https:\/\/api.w.org\/{rel}","templated":true}]}}