{"id":247,"date":"2020-02-17T14:12:31","date_gmt":"2020-02-17T14:12:31","guid":{"rendered":"https:\/\/demosites.io\/restaurant-gb\/?page_id=247"},"modified":"2023-06-27T14:14:59","modified_gmt":"2023-06-27T14:14:59","slug":"menu","status":"publish","type":"page","link":"https:\/\/lapiadina.cz\/en\/menu\/","title":{"rendered":"Menu"},"content":{"rendered":"<pre class=\"wp-block-code\" style=\"font-size:14px;font-style:normal;font-weight:800\"><code>                          \n<strong>PIADINA<\/strong>\n\n<figure class=\"wp-block-table is-style-stripes\">\n<table><tbody>\n\n<tr><td>1<\/td><td>SALMONE<\/td>\n<td><em>Smoked salmon, avocado, cream cheese, arugula<\/em><\/td><td class=\"has-text-align-right\" data-align=\"right\">175,-<\/td><\/tr>\n\n<tr><td>2<\/td><td>PROSCIUTTO CRUDO E MOZZARELLA<\/td>\n<td><em>Prosciutto, mozzarella, tomato, arugula<\/em><\/td><td class=\"has-text-align-right\" data-align=\"right\">145,-<\/td><\/tr>\n\n<tr><td>3<\/td><td>PROSCIUTTO CRUDO E RUCOLA<\/td>\n<td><em>Prosciutto, cream cheese, arugula (1, 7)<\/em><\/td><td class=\"has-text-align-right\" data-align=\"right\">145,-<\/td><\/tr>\n\n<tr><td>4<\/td><td>CARNE<\/td>\n<td><em>Pulled pork, spring onion, arugula, hoisin (1, 6)<\/em><\/td><td class=\"has-text-align-right\" data-align=\"right\">145,-<\/td><\/tr>\n\n<tr><td>5<\/td><td>PICCANTE<\/td>\n<td><em>Salami piccante, mozzarella, chili, tomato (1, 7)<\/em><\/td><td class=\"has-text-align-right\" data-align=\"right\">135,-<\/td><\/tr>\n\n<tr><td>6<\/td><td>CAESAR<\/td>\n<td><em>Chicken, romaine lettuce, bacon, grana, caesar dressing (1, 3, 4, 7, 10, 12)<\/em><\/td><td class=\"has-text-align-right\" data-align=\"right\">135,-<\/td><\/tr>\n\n<tr><td>7<\/td><td>POLLO E MOZZARELLA<\/td>\n<td><em>Chicken, mozzarella, tomato, arugula (1, 7)<\/em><\/td><td class=\"has-text-align-right\" data-align=\"right\">135,-<\/td><\/tr>\n\n<tr><td>8<\/td><td>POLLO E FORMAGGIO<\/td>\n<td><em>Chicken, blue cheese, nuts, arugula (1, 7, 8)<\/em><\/td><td class=\"has-text-align-right\" data-align=\"right\">135,-<\/td><\/tr>\n\n<tr><td>9<\/td><td>TONNO<\/td>\n<td><em>Tuna, mozzarella, tomato, mayonnaise, oregano (1, 4, 7, 3)<\/em><\/td><td class=\"has-text-align-right\" data-align=\"right\">125,-<\/td><\/tr>\n\n<tr><td>10<\/td><td>PROSCIUTTO COTTO E MOZZARELLA<\/td>\n<td><em>Ham, mozzarella, tomato, arugula (1, 7)<\/em><\/td><td class=\"has-text-align-right\" data-align=\"right\">125,-<\/td><\/tr>\n\n<tr><td>11<\/td><td>CAPRESE<\/td>\n<td><em>Mozzarella, tomato, pesto ( 1, 7, 8)<\/em><\/td><td class=\"has-text-align-right\" data-align=\"right\">95,-<\/td><\/tr>\n\n<tr><td>12<\/td><td>PROSCIUTTO COTTO E FORMAGGIO<\/td>\n<td><em>Ham, edam, oregano (1, 7)<\/em><\/td><td class=\"has-text-align-right\" data-align=\"right\">95,-<\/td><\/tr>\n\n<tr><td>13<\/td><td>NUTELLA<\/td>\n<td><em>Nutella, banana, nuts (1, 5, 8)<\/em><\/td><td class=\"has-text-align-right\" data-align=\"right\">75,-<\/td><\/tr>\n\n<tr><td>14<\/td><td>AGLIO OLIO<\/td>\n<td><em>Garlic, oil (1)<\/em><\/td><td class=\"has-text-align-right\" data-align=\"right\">25,-<\/td><\/tr>\n\n<\/tbody><\/table><\/figure><figure class=\"wp-block-table is-style-stripes\">\n<strong>SALAD<\/strong>\n\n<figure class=\"wp-block-table is-style-stripes\">\n<table><tbody>\n\n<tr><td>1<\/td><td>SALMONE<\/td>\n<td><em>Smoked salmon, mixed salad, avocado, tomato, balsamic dressing (4)<\/em><\/td>\n<td class=\"has-text-align-right\" data-align=\"right\">175,-<\/td><\/tr>\n\n<tr><td>2<\/td><td>ITALIANO<\/td>\n<td><em>Prosciutto, mixed salad, tomato, balsamic dressing<\/em><\/td><td class=\"has-text-align-right\" data-align=\"right\">145,-<\/td><\/tr>\n\n<tr><td>3<\/td><td>CAESAR<\/td>\n<td><em>Chicken, romaine lettuce, bacon, caesar dressing, grana (3, 4, 7, 10, 12)<\/em><\/td><td class=\"has-text-align-right\" data-align=\"right\">135,-<\/td><\/tr>\n\n<tr><td>4<\/td><td>POLLO<\/td>\n<td><em>Chicken, mixed salad, tomato, blue cheese, nuts, balsamic dressing (7, 8)<\/em><\/td><td class=\"has-text-align-right\" data-align=\"right\">135,-<\/td><\/tr>\n\n<tr><td>5<\/td><td>TONNO<\/td>\n<td><em>Tuna, mixed salad, tomato, mozzarella, balsamic dressing (4, 7)<\/em><\/td><td class=\"has-text-align-right\" data-align=\"right\">125,-<\/td><\/tr>\n\n<tr><td>6<\/td><td>VERDE<\/td>\n<td><em>mixed salad, grana, balsamic dressing (7)<\/em><\/td><td class=\"has-text-align-right\" data-align=\"right\">85,-<\/td><\/tr>\n\n<\/tbody><\/table><\/figure>\n\n<strong>SOMETHING TO WINE<\/strong>\n\n<figure class=\"wp-block-table is-style-stripes\">\n<table><tbody>\n\n<tr><td>1<\/td><td>AFFETTATI MISTI<\/td>\n<td><em>Mix of salamis<\/em><\/td>\n<td class=\"has-text-align-right\" data-align=\"right\">95,-<\/td><\/tr>\n\n<tr><td>2<\/td><td>AFFETTATI E FORMAGGI MISTI<\/td>\n<td><em>Mix of salamis and cheeses (7)<\/em><\/td><td class=\"has-text-align-right\" data-align=\"right\">185,-<\/td><\/tr>\n\n<\/tbody><\/table><\/figure>\n\n<strong>DESSERTS<\/strong>\n\n<figure class=\"wp-block-table is-style-stripes\">\n<table><tbody>\n<tr><td>TIRAMISU<\/td>\n\n<td class=\"has-text-align-right\" data-align=\"right\">85,-<\/td><\/tr>\n\n<\/tbody><\/table><\/figure>\n\n<strong>OTHER<\/strong>\n\n<figure class=\"wp-block-table is-style-stripes\">\n<table><tbody>\n\n<tr><td>SOUP OF THE DAY<\/td>\n\n<td class=\"has-text-align-right\" data-align=\"right\">55,-<\/td><\/tr>\n\n<tr><td>PACKAGING, BAG<\/td>\n<td class=\"has-text-align-right\" data-align=\"right\">10,-<\/td><\/tr>\n\n<\/tbody><\/table><\/figure>\n\n<strong>DRINKS<\/strong>\n\n<figure class=\"wp-block-table is-style-stripes\">\n<table><tbody>\n\n<tr><td>ESPRESSO<\/td>\n<td><em>(ristretto, lungo, macchiato) (7)<\/em><\/td>\n<td class=\"has-text-align-right\" data-align=\"right\">45,-<\/td><\/tr>\n\n<tr><td>CAPPUCCINO, CAFF\u00c9 LATTE<\/td>\n<td><em>(7)<\/em><\/td>\n<td class=\"has-text-align-right\" data-align=\"right\">75,-<\/td><\/tr>\n\n<tr><td>CHOCOLATE<\/td>\n<td><em>(7)<\/em><\/td>\n<td class=\"has-text-align-right\" data-align=\"right\">85,-<\/td><\/tr>\n\n<tr><td>CORRETTO<\/td>\n<td><em>(caff\u00e9 + grappa 0,02)<\/em><\/td>\n<td class=\"has-text-align-right\" data-align=\"right\">95,-<\/td><\/tr>\n\n<tr><td>TEA<\/td>\n<td><em><\/em><\/td>\n<td class=\"has-text-align-right\" data-align=\"right\">45,-<\/td><\/tr>\n\n<tr><td>BEER BOHEM<\/td>\n<td><em>0,5<\/em><\/td>\n<td class=\"has-text-align-right\" data-align=\"right\">25,-<\/td><\/tr>\n\n\n<tr><td>BIRRA MORETTI<\/td>\n<td><em>0,4 (1)<\/em><\/td>\n<td class=\"has-text-align-right\" data-align=\"right\">45,-<\/td><\/tr>\n\n<tr><td>CRAFT BEER<\/td>\n<td><em>0,4 (1)<\/em><\/td>\n<td class=\"has-text-align-right\" data-align=\"right\">45,-<\/td><\/tr>\n\n<tr><td>GRAPPA<\/td>\n<td><em>0,04<\/em><\/td>\n<td class=\"has-text-align-right\" data-align=\"right\">85,-<\/td><\/tr>\n\n<tr><td>SAMBUCA<\/td>\n<td><em>0,04<\/em><\/td>\n<td class=\"has-text-align-right\" data-align=\"right\">75,-<\/td><\/tr>\n\n<tr><td>LIMONCELLO<\/td>\n<td><em>0,04<\/em><\/td>\n<td class=\"has-text-align-right\" data-align=\"right\">65,-<\/td><\/tr>\n\n<tr><td>PROSECCO<\/td>\n<td><em>0,1<\/em><\/td><td class=\"has-text-align-right\" data-align=\"right\">35,-<\/td><\/tr>\n\n<tr><td>VINO DELLA CASA<\/td>\n<td><em>0,1<\/em><\/td><td class=\"has-text-align-right\" data-align=\"right\">35,-<\/td><\/tr>\n\n<tr><td>APEROL SPRITZ<\/td>\n<td><em><\/em><\/td>\n<td class=\"has-text-align-right\" data-align=\"right\">125,-<\/td><\/tr>\n\n<tr><td>APEROL SPRITZ XL<\/td>\n<td><em><\/em><\/td>\n<td class=\"has-text-align-right\" data-align=\"right\">175,-<\/td><\/tr>\n\n<tr><td>HUGO SPRITZ<\/td>\n<td><em><\/em><\/td>\n<td class=\"has-text-align-right\" data-align=\"right\">125,-<\/td><\/tr>\n\n<tr><td>HUGO SPRITZ XL<\/td>\n<td><em><\/em><\/td>\n<td class=\"has-text-align-right\" data-align=\"right\">175,-<\/td><\/tr>\n\n<tr><td>BELLINI<\/td>\n<td><em><\/em><\/td>\n<td class=\"has-text-align-right\" data-align=\"right\">125,-<\/td><\/tr>\n\n<tr><td>COCA-COLA, ZERO<\/td>\n<td><em>0,5<\/em><\/td>\n<td class=\"has-text-align-right\" data-align=\"right\">45,-<\/td><\/tr>\n\n<tr><td>JUICE<\/td>\n<td><em>0,2<\/em><\/td>\n<td class=\"has-text-align-right\" data-align=\"right\">45,-<\/td><\/tr>\n\n<tr><td>SAN BENEDETTO<\/td>\n<td><em>still water 0.5<\/em><\/td><td class=\"has-text-align-right\" data-align=\"right\">35,-<\/td><\/tr>\n\n<tr><td>SAN BENEDETTO<\/td>\n<td><em>slightly sparkling 0.5<\/em><\/td><td class=\"has-text-align-right\" data-align=\"right\">35,-<\/td><\/tr>\n\n<tr><td>SAN BENEDETTO<\/td>\n<td><em>iced tea 0.5<\/em><\/td><td class=\"has-text-align-right\" data-align=\"right\">45,-<\/td><\/tr>\n\n<tr><td>SAN BENEDETTO<\/td>\n<td><em>non-alcoholic aperitif 0.1<\/em><\/td><td class=\"has-text-align-right\" data-align=\"right\">55,-<\/td><\/tr>\n\n<tr><td>SAN BENEDETTO<\/td>\n<td><em>Italian lemonade 0.4<\/em><\/td><td class=\"has-text-align-right\" data-align=\"right\">45,-<\/td><\/tr>\n\n<\/tbody><\/table><\/figure>\n\n<\/code><\/pre>","protected":false},"excerpt":{"rendered":"<p>PIADINA 1SALMONE Uzen\u00fd losos, avok\u00e1do, kr\u00e9mov\u00fd s\u00fdr, rukola (1, 4, 7)175,- 2PROSCIUTTO CRUDO E MOZZARELLA Prosciutto, mozzarella, raj\u010de, rukola (1, 7)145,- 3PROSCIUTTO CRUDO E RUCOLA Prosciutto, kr\u00e9mov\u00fd s\u00fdr, rukola (1, 7)145,- 4CARNE Trhan\u00e9 vep\u0159ov\u00e9, jarn\u00ed cibulka, rukola, hoisin (1, 6)145,- 5PICCANTE Sal\u00e1m piccante, mozzarella, chilli, raj\u010de (1, 7)135,- 6CAESAR Ku\u0159e, \u0159\u00edmsk\u00fd sal\u00e1t, slanina, grana, caesar&hellip;&nbsp;<a href=\"https:\/\/lapiadina.cz\/en\/menu\/\" rel=\"bookmark\">Read More &raquo;<span class=\"screen-reader-text\">Menu<\/span><\/a><\/p>","protected":false},"author":1,"featured_media":0,"parent":0,"menu_order":0,"comment_status":"closed","ping_status":"closed","template":"page-templates\/template-pagebuilder-full-width.php","meta":{"neve_meta_sidebar":"full-width","neve_meta_container":"contained","neve_meta_enable_content_width":"off","neve_meta_content_width":80,"neve_meta_title_alignment":"","neve_meta_author_avatar":"","neve_post_elements_order":"","neve_meta_disable_header":"","neve_meta_disable_footer":"","neve_meta_disable_title":"on","_themeisle_gutenberg_block_has_review":false,"footnotes":""},"class_list":["post-247","page","type-page","status-publish","hentry"],"amp_enabled":true,"_links":{"self":[{"href":"https:\/\/lapiadina.cz\/en\/wp-json\/wp\/v2\/pages\/247","targetHints":{"allow":["GET"]}}],"collection":[{"href":"https:\/\/lapiadina.cz\/en\/wp-json\/wp\/v2\/pages"}],"about":[{"href":"https:\/\/lapiadina.cz\/en\/wp-json\/wp\/v2\/types\/page"}],"author":[{"embeddable":true,"href":"https:\/\/lapiadina.cz\/en\/wp-json\/wp\/v2\/users\/1"}],"replies":[{"embeddable":true,"href":"https:\/\/lapiadina.cz\/en\/wp-json\/wp\/v2\/comments?post=247"}],"version-history":[{"count":123,"href":"https:\/\/lapiadina.cz\/en\/wp-json\/wp\/v2\/pages\/247\/revisions"}],"predecessor-version":[{"id":1782,"href":"https:\/\/lapiadina.cz\/en\/wp-json\/wp\/v2\/pages\/247\/revisions\/1782"}],"wp:attachment":[{"href":"https:\/\/lapiadina.cz\/en\/wp-json\/wp\/v2\/media?parent=247"}],"curies":[{"name":"wp","href":"https:\/\/api.w.org\/{rel}","templated":true}]}}