{"id":1668,"date":"2023-06-23T14:37:47","date_gmt":"2023-06-23T14:37:47","guid":{"rendered":"https:\/\/lapiadina.cz\/?page_id=1668"},"modified":"2023-06-27T18:50:34","modified_gmt":"2023-06-27T18:50:34","slug":"novinky","status":"publish","type":"page","link":"https:\/\/lapiadina.cz\/en\/novinky\/","title":{"rendered":"News"},"content":{"rendered":"<ul class=\"wp-block-list\"><li>novinka pivo Boh\u00e9m 0,5l v plechovce<\/li>\n\n<li>novinka dom\u00e1c\u00ed bezinkova limon\u00e1da<\/li>\n\n<li>nov\u011b XL porce Aperol spritz XL&nbsp; a Hugo spritz XL<\/li>\n\n<li>novinka dom\u00e1c\u00ed Tiramisu z origin\u00e1ln\u00edch surovin&nbsp;<\/li><\/ul><figure class=\"wp-block-gallery has-nested-images columns-default is-cropped wp-block-gallery-1 is-layout-flex wp-block-gallery-is-layout-flex\"><figure class=\"wp-block-image size-large\"><img loading=\"lazy\" decoding=\"async\" width=\"576\" height=\"1024\" data-id=\"1678\" src=\"https:\/\/lapiadina.cz\/wp-content\/uploads\/2023\/06\/IMG-20230601-WA0018-576x1024.jpg\" alt=\"\" class=\"wp-image-1678\" srcset=\"https:\/\/lapiadina.cz\/wp-content\/uploads\/2023\/06\/IMG-20230601-WA0018-576x1024.jpg 576w, https:\/\/lapiadina.cz\/wp-content\/uploads\/2023\/06\/IMG-20230601-WA0018-169x300.jpg 169w, https:\/\/lapiadina.cz\/wp-content\/uploads\/2023\/06\/IMG-20230601-WA0018-768x1365.jpg 768w, https:\/\/lapiadina.cz\/wp-content\/uploads\/2023\/06\/IMG-20230601-WA0018-864x1536.jpg 864w, https:\/\/lapiadina.cz\/wp-content\/uploads\/2023\/06\/IMG-20230601-WA0018-600x1067.jpg 600w, https:\/\/lapiadina.cz\/wp-content\/uploads\/2023\/06\/IMG-20230601-WA0018.jpg 1134w\" sizes=\"auto, (max-width: 576px) 100vw, 576px\" \/><\/figure>\n\n<figure class=\"wp-block-image size-large\"><img loading=\"lazy\" decoding=\"async\" width=\"446\" height=\"595\" data-id=\"1676\" src=\"https:\/\/lapiadina.cz\/wp-content\/uploads\/2023\/06\/20230320_224820.jpg\" alt=\"\" class=\"wp-image-1676\" srcset=\"https:\/\/lapiadina.cz\/wp-content\/uploads\/2023\/06\/20230320_224820.jpg 446w, https:\/\/lapiadina.cz\/wp-content\/uploads\/2023\/06\/20230320_224820-225x300.jpg 225w\" sizes=\"auto, (max-width: 446px) 100vw, 446px\" \/><\/figure>\n\n<figure class=\"wp-block-image size-large\"><img loading=\"lazy\" decoding=\"async\" width=\"576\" height=\"1024\" data-id=\"1679\" src=\"https:\/\/lapiadina.cz\/wp-content\/uploads\/2023\/06\/IMG-20230601-WA0019-576x1024.jpg\" alt=\"\" class=\"wp-image-1679\" srcset=\"https:\/\/lapiadina.cz\/wp-content\/uploads\/2023\/06\/IMG-20230601-WA0019-576x1024.jpg 576w, https:\/\/lapiadina.cz\/wp-content\/uploads\/2023\/06\/IMG-20230601-WA0019-169x300.jpg 169w, https:\/\/lapiadina.cz\/wp-content\/uploads\/2023\/06\/IMG-20230601-WA0019-768x1365.jpg 768w, https:\/\/lapiadina.cz\/wp-content\/uploads\/2023\/06\/IMG-20230601-WA0019-864x1536.jpg 864w, https:\/\/lapiadina.cz\/wp-content\/uploads\/2023\/06\/IMG-20230601-WA0019-600x1067.jpg 600w, https:\/\/lapiadina.cz\/wp-content\/uploads\/2023\/06\/IMG-20230601-WA0019.jpg 1134w\" sizes=\"auto, (max-width: 576px) 100vw, 576px\" \/><\/figure>\n\n<figure class=\"wp-block-image size-large\"><img loading=\"lazy\" decoding=\"async\" width=\"446\" height=\"595\" data-id=\"1677\" src=\"https:\/\/lapiadina.cz\/wp-content\/uploads\/2023\/06\/20230607_193602.jpg\" alt=\"\" class=\"wp-image-1677\" srcset=\"https:\/\/lapiadina.cz\/wp-content\/uploads\/2023\/06\/20230607_193602.jpg 446w, https:\/\/lapiadina.cz\/wp-content\/uploads\/2023\/06\/20230607_193602-225x300.jpg 225w\" sizes=\"auto, (max-width: 446px) 100vw, 446px\" \/><\/figure><\/figure>","protected":false},"excerpt":{"rendered":"","protected":false},"author":1,"featured_media":0,"parent":0,"menu_order":0,"comment_status":"closed","ping_status":"closed","template":"","meta":{"neve_meta_sidebar":"full-width","neve_meta_container":"","neve_meta_enable_content_width":"on","neve_meta_content_width":100,"neve_meta_title_alignment":"","neve_meta_author_avatar":"","neve_post_elements_order":"","neve_meta_disable_header":"","neve_meta_disable_footer":"","neve_meta_disable_title":"on","_themeisle_gutenberg_block_has_review":false,"footnotes":""},"class_list":["post-1668","page","type-page","status-publish","hentry"],"amp_enabled":true,"_links":{"self":[{"href":"https:\/\/lapiadina.cz\/en\/wp-json\/wp\/v2\/pages\/1668","targetHints":{"allow":["GET"]}}],"collection":[{"href":"https:\/\/lapiadina.cz\/en\/wp-json\/wp\/v2\/pages"}],"about":[{"href":"https:\/\/lapiadina.cz\/en\/wp-json\/wp\/v2\/types\/page"}],"author":[{"embeddable":true,"href":"https:\/\/lapiadina.cz\/en\/wp-json\/wp\/v2\/users\/1"}],"replies":[{"embeddable":true,"href":"https:\/\/lapiadina.cz\/en\/wp-json\/wp\/v2\/comments?post=1668"}],"version-history":[{"count":3,"href":"https:\/\/lapiadina.cz\/en\/wp-json\/wp\/v2\/pages\/1668\/revisions"}],"predecessor-version":[{"id":1682,"href":"https:\/\/lapiadina.cz\/en\/wp-json\/wp\/v2\/pages\/1668\/revisions\/1682"}],"wp:attachment":[{"href":"https:\/\/lapiadina.cz\/en\/wp-json\/wp\/v2\/media?parent=1668"}],"curies":[{"name":"wp","href":"https:\/\/api.w.org\/{rel}","templated":true}]}}